{"id":6082,"date":"2020-12-09T12:19:41","date_gmt":"2020-12-09T12:19:41","guid":{"rendered":"https:\/\/www.bodenschweiz.ch\/sitemap\/"},"modified":"2022-03-21T11:05:22","modified_gmt":"2022-03-21T10:05:22","slug":"sitemap","status":"publish","type":"page","link":"https:\/\/www.bodenschweiz.ch\/it\/sitemap\/","title":{"rendered":"Sitemap"},"content":{"rendered":"\n<h2 class=\"wp-block-heading\"><strong>L\u2019associazione PavimentiSvizzeri<\/strong><\/h2>\n\n\n<div class=\"wsp-container\"><ul class=\"wsp-pages-list\">\n<li class=\"page_item page-item-5436\"><a href=\"https:\/\/www.bodenschweiz.ch\/it\/\">Home<\/a><\/li>\n<li class=\"page_item page-item-5977 page_item_has_children\"><a href=\"https:\/\/www.bodenschweiz.ch\/it\/lassociazione\/\">L\u2019associazione<\/a>\n<ul class='children'>\n\t<li class=\"page_item page-item-12921\"><a href=\"https:\/\/www.bodenschweiz.ch\/it\/lassociazione\/rapporti-annuali\/\">Rapporti annuali<\/a><\/li>\n\t<li class=\"page_item page-item-5895\"><a href=\"https:\/\/www.bodenschweiz.ch\/it\/lassociazione\/membership\/\">Membership<\/a><\/li>\n<\/ul>\n<\/li>\n<li class=\"page_item page-item-5902\"><a href=\"https:\/\/www.bodenschweiz.ch\/it\/pavimentisvizzeri\/\">PavimentiSvizzeri<\/a><\/li>\n<li class=\"page_item page-item-5905\"><a href=\"https:\/\/www.bodenschweiz.ch\/it\/storia\/\">Storia<\/a><\/li>\n<li class=\"page_item page-item-5908\"><a href=\"https:\/\/www.bodenschweiz.ch\/it\/statuto\/\">Statuto<\/a><\/li>\n<li class=\"page_item page-item-11691\"><a href=\"https:\/\/www.bodenschweiz.ch\/it\/formazione-professionale\/\">Formazione professionale<\/a><\/li>\n<li class=\"page_item page-item-5981 page_item_has_children\"><a href=\"https:\/\/www.bodenschweiz.ch\/it\/servizi-per-i-membri\/\">Servizi per i membri<\/a>\n<ul class='children'>\n\t<li class=\"page_item page-item-11156\"><a href=\"https:\/\/www.bodenschweiz.ch\/it\/servizi-per-i-membri\/riciclaggio-pvc\/\">Riciclaggio del PVC<\/a><\/li>\n\t<li class=\"page_item page-item-10973\"><a href=\"https:\/\/www.bodenschweiz.ch\/it\/servizi-per-i-membri\/analisi-dellamianto\/\">Analisi dell&#8217;amianto<\/a><\/li>\n\t<li class=\"page_item page-item-5918\"><a href=\"https:\/\/www.bodenschweiz.ch\/it\/servizi-per-i-membri\/contratto-collettivo-di-lavoro-ccl\/\">contratto collettivo di lavoro<\/a><\/li>\n\t<li class=\"page_item page-item-5931\"><a href=\"https:\/\/www.bodenschweiz.ch\/it\/servizi-per-i-membri\/soluzione-industriale-mssl\/\">Soluzione industriale MSSL<\/a><\/li>\n\t<li class=\"page_item page-item-14221 page_item_has_children\"><a href=\"https:\/\/www.bodenschweiz.ch\/it\/servizi-per-i-membri\/sicurezza-sul-lavoro-e-protezione-della-salute\/\">Sicurezza sul lavoro e protezione della salute<\/a>\n\t<ul class='children'>\n\t\t<li class=\"page_item page-item-14226\"><a href=\"https:\/\/www.bodenschweiz.ch\/it\/servizi-per-i-membri\/sicurezza-sul-lavoro-e-protezione-della-salute\/soluzione-industriale-pavifit\/\">Soluzione industriale PaviFit<\/a><\/li>\n\t\t<li class=\"page_item page-item-14353\"><a href=\"https:\/\/www.bodenschweiz.ch\/it\/servizi-per-i-membri\/sicurezza-sul-lavoro-e-protezione-della-salute\/corso-di-base-perco-ticino\/\">Corso di base PERCO<\/a><\/li>\n\t\t<li class=\"page_item page-item-14365\"><a href=\"https:\/\/www.bodenschweiz.ch\/it\/servizi-per-i-membri\/sicurezza-sul-lavoro-e-protezione-della-salute\/corsi-di-perfezionamento-perco\/\">Corsi di perfezionamento PERCO<\/a><\/li>\n\t<\/ul>\n<\/li>\n\t<li class=\"page_item page-item-5941\"><a href=\"https:\/\/www.bodenschweiz.ch\/it\/servizi-per-i-membri\/compendio\/\">Compendio<\/a><\/li>\n\t<li class=\"page_item page-item-11352 page_item_has_children\"><a href=\"https:\/\/www.bodenschweiz.ch\/it\/servizi-per-i-membri\/perizia-e-consulenza\/\">Perizia e consulenza<\/a>\n\t<ul class='children'>\n\t\t<li class=\"page_item page-item-11372\"><a href=\"https:\/\/www.bodenschweiz.ch\/it\/servizi-per-i-membri\/perizia-e-consulenza\/valutazione-per-i-rivestimenti-per-pavimenti\/\">Valutazione per i rivestimenti per pavimenti<\/a><\/li>\n\t\t<li class=\"page_item page-item-11367\"><a href=\"https:\/\/www.bodenschweiz.ch\/it\/servizi-per-i-membri\/perizia-e-consulenza\/ispezione-delledificio-accompagnata-dei-rivestimenti-per-pavimenti\/\">Ispezione dell&#8217;edificio accompagnata dei rivestimenti per pavimenti<\/a><\/li>\n\t\t<li class=\"page_item page-item-11356\"><a href=\"https:\/\/www.bodenschweiz.ch\/it\/servizi-per-i-membri\/perizia-e-consulenza\/prova-di-adesione-a-trazione\/\">Prova di adesione a trazione<\/a><\/li>\n\t\t<li class=\"page_item page-item-11726\"><a href=\"https:\/\/www.bodenschweiz.ch\/it\/servizi-per-i-membri\/perizia-e-consulenza\/misurazione-dellumidita\/\">Misurazione dell&#8217;umidit\u00e0<\/a><\/li>\n\t\t<li class=\"page_item page-item-11363\"><a href=\"https:\/\/www.bodenschweiz.ch\/it\/servizi-per-i-membri\/perizia-e-consulenza\/perizia-rivestimenti-per-pavimenti\/\">Perizia rivestimenti per pavimenti<\/a><\/li>\n\t<\/ul>\n<\/li>\n<\/ul>\n<\/li>\n<li class=\"page_item page-item-5936\"><a href=\"https:\/\/www.bodenschweiz.ch\/it\/pagina-protetta-da-password\/\">Pagina protetta da password<\/a><\/li>\n<li class=\"page_item page-item-5947\"><a href=\"https:\/\/www.bodenschweiz.ch\/it\/negozio-pavimentisvizzeri\/\">Negozio Pavimentisvizzeri<\/a><\/li>\n<li class=\"page_item page-item-5952\"><a href=\"https:\/\/www.bodenschweiz.ch\/it\/ahv-kasse-simulac\/\">Cassa AVS Simulac<\/a><\/li>\n<li class=\"page_item page-item-5996\"><a href=\"https:\/\/www.bodenschweiz.ch\/it\/notizie-lavoro\/\">Notizie &amp; lavoro<\/a><\/li>\n<li class=\"page_item page-item-5993\"><a href=\"https:\/\/www.bodenschweiz.ch\/it\/membri-partner\/\">Membri \/ Partner<\/a><\/li>\n<li class=\"page_item page-item-11844\"><a href=\"https:\/\/www.bodenschweiz.ch\/it\/crp-svizzera\/\">CRP Svizzera<\/a><\/li>\n<li class=\"page_item page-item-5953\"><a href=\"https:\/\/www.bodenschweiz.ch\/it\/flooright\/\">Flooright<\/a><\/li>\n<li class=\"page_item page-item-5973\"><a href=\"https:\/\/www.bodenschweiz.ch\/it\/contatto\/\">Contatto<\/a><\/li>\n<li class=\"page_item page-item-5957\"><a href=\"https:\/\/www.bodenschweiz.ch\/it\/contatto-ecole-de-la-construction\/\">Contatto \u00c9cole de la construction<\/a><\/li>\n<li class=\"page_item page-item-5960\"><a href=\"https:\/\/www.bodenschweiz.ch\/it\/contatto-scuola-tecnica\/\">Contatto scuola tecnica<\/a><\/li>\n<li class=\"page_item page-item-5964\"><a href=\"https:\/\/www.bodenschweiz.ch\/it\/contatto-associazione-pavimentisvizzeri\/\">Contatto Associazione PavimentiSvizzeri<\/a><\/li>\n<li class=\"page_item page-item-5474 current_page_parent\"><a href=\"https:\/\/www.bodenschweiz.ch\/it\/news\/\">Notizie<\/a><\/li>\n<li class=\"page_item page-item-6079\"><a href=\"https:\/\/www.bodenschweiz.ch\/it\/informativa-sulla-privacy\/\">Datenschutzerkl\u00e4rung<\/a><\/li>\n<li class=\"page_item page-item-9006\"><a href=\"https:\/\/www.bodenschweiz.ch\/it\/cookie-richtlinien\/\">Politica sui cookie<\/a><\/li>\n<li class=\"page_item page-item-6080\"><a href=\"https:\/\/www.bodenschweiz.ch\/it\/impressum\/\">Impressum<\/a><\/li>\n<li class=\"page_item page-item-6082\"><a href=\"https:\/\/www.bodenschweiz.ch\/it\/sitemap\/\">Sitemap<\/a><\/li>\n<\/ul>\n<\/div>\n\n\n\n<h3 class=\"wp-block-heading\">Lavori e annunci<\/h3>\n\n\n<div class=\"wsp-container\"><ul class=\"wsp-job_adss-list\">\n<li><a href=\"https:\/\/www.bodenschweiz.ch\/it\/annunci-lavoro\/halbe-seite-quer\/\">Halbe Seite Quer<\/a><\/li>\n<li><a href=\"https:\/\/www.bodenschweiz.ch\/it\/annunci-lavoro\/ganze-seite\/\">Ganze Seite<\/a><\/li>\n<li><a href=\"https:\/\/www.bodenschweiz.ch\/it\/annunci-lavoro\/halbe-seite-hoch\/\">Halbe Seite Hoch<\/a><\/li>\n<\/ul>\n<\/div>\n\n\n\n<h3 class=\"wp-block-heading\">Rivista specializzata<\/h3>\n\n\n<div class=\"wsp-container\"><ul class=\"wsp-journals-list\">\n<li><a href=\"https:\/\/www.bodenschweiz.ch\/it\/rivista-specializzata\/edizione-1-2026\/\">Edizione 1-2026<\/a><\/li>\n<li><a href=\"https:\/\/www.bodenschweiz.ch\/it\/rivista-specializzata\/ausgabe-6-2025\/\">Edizione 6-2025<\/a><\/li>\n<li><a href=\"https:\/\/www.bodenschweiz.ch\/it\/rivista-specializzata\/edizione-5-2025\/\">Edizione 5-2025<\/a><\/li>\n<li><a href=\"https:\/\/www.bodenschweiz.ch\/it\/rivista-specializzata\/ausgabe-4-2025\/\">Edizione 4-2025<\/a><\/li>\n<li><a href=\"https:\/\/www.bodenschweiz.ch\/it\/rivista-specializzata\/edizione-3-2025\/\">Edizione 3-2025<\/a><\/li>\n<li><a href=\"https:\/\/www.bodenschweiz.ch\/it\/rivista-specializzata\/ausgabe-2-2025\/\">Edizione 2-2025<\/a><\/li>\n<li><a href=\"https:\/\/www.bodenschweiz.ch\/it\/fachzeitschrift\/ausgabe-3-2025\/\">Ausgabe 3-2025<\/a><\/li>\n<li><a href=\"https:\/\/www.bodenschweiz.ch\/it\/rivista-specializzata\/ausgabe-1-2025\/\">Edizione 1-2025<\/a><\/li>\n<li><a href=\"https:\/\/www.bodenschweiz.ch\/it\/rivista-specializzata\/edizione-6-2024\/\">Edizione 6-2024<\/a><\/li>\n<li><a href=\"https:\/\/www.bodenschweiz.ch\/it\/rivista-specializzata\/ausgabe-5-2024\/\">Edizione 5-2024<\/a><\/li>\n<li><a href=\"https:\/\/www.bodenschweiz.ch\/it\/rivista-specializzata\/edizione-4-2024\/\">Edizione 4-2024<\/a><\/li>\n<li><a href=\"https:\/\/www.bodenschweiz.ch\/it\/rivista-specializzata\/ausgabe-3-2024\/\">Edizione 3-2024<\/a><\/li>\n<li><a href=\"https:\/\/www.bodenschweiz.ch\/it\/rivista-specializzata\/11050-2\/\">Edizione 2-2024<\/a><\/li>\n<li><a href=\"https:\/\/www.bodenschweiz.ch\/it\/rivista-specializzata\/ausgabe-1-2024\/\">Edizione 1-2024<\/a><\/li>\n<li><a href=\"https:\/\/www.bodenschweiz.ch\/it\/rivista-specializzata\/ausgabe_6-2023\/\">Edizione 6-2023<\/a><\/li>\n<li><a href=\"https:\/\/www.bodenschweiz.ch\/it\/rivista-specializzata\/ausgabe_5-2023\/\">Edizione_5-2023<\/a><\/li>\n<li><a href=\"https:\/\/www.bodenschweiz.ch\/it\/rivista-specializzata\/ausgabe_4-2023\/\">Edizione_4-2023<\/a><\/li>\n<li><a href=\"https:\/\/www.bodenschweiz.ch\/it\/rivista-specializzata\/ausgabe-3-2023\/\">Edizione 3-2023<\/a><\/li>\n<li><a href=\"https:\/\/www.bodenschweiz.ch\/it\/rivista-specializzata\/9076-2\/\">Edizione 6-2022<\/a><\/li>\n<li><a href=\"https:\/\/www.bodenschweiz.ch\/it\/rivista-specializzata\/ausgabe_2-2023\/\">Edizione_2-2023<\/a><\/li>\n<li><a href=\"https:\/\/www.bodenschweiz.ch\/it\/rivista-specializzata\/ausgabe_1-2023\/\">Edizione_1-2023<\/a><\/li>\n<li><a href=\"https:\/\/www.bodenschweiz.ch\/it\/fachzeitschrift\/swissskills-2022\/\">SwissSkills 2022 \u00abElite der Schweizer Berufsbildung\u00bb<\/a><\/li>\n<li><a href=\"https:\/\/www.bodenschweiz.ch\/it\/fachzeitschrift\/7911-2\/\">\u00c4nderung in der Redaktion<\/a><\/li>\n<li><a href=\"https:\/\/www.bodenschweiz.ch\/it\/fachzeitschrift\/suisse-floor-2022\/\">Suisse Floor 2022<\/a><\/li>\n<li><a href=\"https:\/\/www.bodenschweiz.ch\/it\/fachzeitschrift\/7743-2\/\">104. Generalversammlung BodenSchweiz<\/a><\/li>\n<li><a href=\"https:\/\/www.bodenschweiz.ch\/it\/fachzeitschrift\/swissskills-2022-der-startschuss-ist-erfolgt\/\">SwissSkills 2022: Der Startschuss ist erfolgt<\/a><\/li>\n<li><a href=\"https:\/\/www.bodenschweiz.ch\/it\/fachzeitschrift\/christoph-galli-bronzemedaillengewinner-euroskills-2021\/\">Christoph Galli, Bronzemedaillengewinner EuroSkills 2021<\/a><\/li>\n<li><a href=\"https:\/\/www.bodenschweiz.ch\/it\/fachzeitschrift\/euroskills-2021\/\">EuroSkills 2021<\/a><\/li>\n<li><a href=\"https:\/\/www.bodenschweiz.ch\/it\/fachzeitschrift\/103-generalversammlung-bodenschweiz\/\">103. Generalversammlung BodenSchweiz<\/a><\/li>\n<li><a href=\"https:\/\/www.bodenschweiz.ch\/it\/rivista-specializzata\/grps-mit-neuem-praesidenten\/\">GRPS mit neuem Pr\u00e4sidenten<\/a><\/li>\n<li><a href=\"https:\/\/www.bodenschweiz.ch\/it\/rivista-specializzata\/5359-2\/\">Massivholzb\u00f6den mit Hirnholzoptik<\/a><\/li>\n<li><a href=\"https:\/\/www.bodenschweiz.ch\/it\/rivista-specializzata\/5354-2\/\">Der erweiterte Auftritt der Nachwuchskampagne<\/a><\/li>\n<li><a href=\"https:\/\/www.bodenschweiz.ch\/it\/fachzeitschrift\/vslt-infotag\/\">VSLT-Infotag<\/a><\/li>\n<li><a href=\"https:\/\/www.bodenschweiz.ch\/it\/fachzeitschrift\/zunahme-der-konkurse\/\">Zunahme der Konkurse<\/a><\/li>\n<li><a href=\"https:\/\/www.bodenschweiz.ch\/it\/fachzeitschrift\/general-versammlung-vslt\/\">General-<\/br> versammlung VSLT<\/a><\/li>\n<li><a href=\"https:\/\/www.bodenschweiz.ch\/it\/fachzeitschrift\/neue-fachschule-in-aarau\/\">Neue Fachschule in Aarau<\/a><\/li>\n<li><a href=\"https:\/\/www.bodenschweiz.ch\/it\/fachzeitschrift\/ferienlohn\/\">Ferienlohn<\/a><\/li>\n<li><a href=\"https:\/\/www.bodenschweiz.ch\/it\/fachzeitschrift\/arp-schweiz-auf-erfolgskurs-2\/\">ARP Schweiz auf Erfolgskurs<\/a><\/li>\n<li><a href=\"https:\/\/www.bodenschweiz.ch\/it\/fachzeitschrift\/4953-2\/\">85. General-<\/br> versammlung<\/a><\/li>\n<li><a href=\"https:\/\/www.bodenschweiz.ch\/it\/fachzeitschrift\/swissbau-2003-in-basel\/\">Swissbau 2003 in Basel<\/a><\/li>\n<li><a href=\"https:\/\/www.bodenschweiz.ch\/it\/fachzeitschrift\/domotex-2005-hannover\/\">Domotex 2005 Hannover<\/a><\/li>\n<li><a href=\"https:\/\/www.bodenschweiz.ch\/it\/fachzeitschrift\/86-vslt-generalversammlung\/\">86. VSLT-Generalversammlung<\/a><\/li>\n<li><a href=\"https:\/\/www.bodenschweiz.ch\/it\/fachzeitschrift\/aerztliches-zeugnis\/\">\u00c4rztliches Zeugnis<\/a><\/li>\n<li><a href=\"https:\/\/www.bodenschweiz.ch\/it\/fachzeitschrift\/infotagung-bodenschweiz-4\/\">Infotagung BodenSchweiz<\/a><\/li>\n<li><a href=\"https:\/\/www.bodenschweiz.ch\/it\/fachzeitschrift\/umfrage-schrumpfende-pvc-bodenbelaege\/\">Umfrage: Schrumpfende PVC-Bodenbel\u00e4ge<\/a><\/li>\n<li><a href=\"https:\/\/www.bodenschweiz.ch\/it\/fachzeitschrift\/87-general-versammlung\/\">87. General-<\/br> versammlung<\/a><\/li>\n<li><a href=\"https:\/\/www.bodenschweiz.ch\/it\/fachzeitschrift\/generalversammlung-bodenschweiz-2\/\">Generalversammlung BodenSchweiz<\/a><\/li>\n<li><a href=\"https:\/\/www.bodenschweiz.ch\/it\/fachzeitschrift\/infotagung-bodenschweiz-3\/\">Infotagung BodenSchweiz<\/a><\/li>\n<li><a href=\"https:\/\/www.bodenschweiz.ch\/it\/fachzeitschrift\/neue-fachschule-bodenschweiz\/\">Neue Fachschule BodenSchweiz<\/a><\/li>\n<li><a href=\"https:\/\/www.bodenschweiz.ch\/it\/fachzeitschrift\/88-general-versammlung\/\">88. General-<\/br> versammlung<\/a><\/li>\n<li><a href=\"https:\/\/www.bodenschweiz.ch\/it\/fachzeitschrift\/domotex-hannover-2006\/\">Domotex Hannover 2006<\/a><\/li>\n<li><a href=\"https:\/\/www.bodenschweiz.ch\/it\/fachzeitschrift\/infotagung-bodenschweiz-2\/\">Infotagung BodenSchweiz<\/a><\/li>\n<li><a href=\"https:\/\/www.bodenschweiz.ch\/it\/fachzeitschrift\/jubilaeum-50-jahre-swissteg\/\">Jubil\u00e4um<\/br> 50. Jahre SwissTEG<\/a><\/li>\n<li><a href=\"https:\/\/www.bodenschweiz.ch\/it\/fachzeitschrift\/arp-schweiz-auf-erfolgskurs\/\">ARP Schweiz auf Erfolgskurs<\/a><\/li>\n<li><a href=\"https:\/\/www.bodenschweiz.ch\/it\/fachzeitschrift\/generalversammlung-2007\/\">Generalversammlung 2007<\/a><\/li>\n<li><a href=\"https:\/\/www.bodenschweiz.ch\/it\/fachzeitschrift\/infotagung-bodenschweiz\/\">Infotagung BodenSchweiz<\/a><\/li>\n<li><a href=\"https:\/\/www.bodenschweiz.ch\/it\/fachzeitschrift\/20-jahre-branchenloesung-vslt-pro\/\">20 Jahre Branchenl\u00f6sung VSLT-Pro<\/a><\/li>\n<li><a href=\"https:\/\/www.bodenschweiz.ch\/it\/fachzeitschrift\/generalversammlung-bodenschweiz\/\">Generalversammlung BodenSchweiz<\/a><\/li>\n<li><a href=\"https:\/\/www.bodenschweiz.ch\/it\/fachzeitschrift\/10-jahre-bieg-jubilaeumsreise-in-die-toskana\/\">10 Jahre Bieg: Jubil\u00e4umsreise in die Toskana<\/a><\/li>\n<li><a href=\"https:\/\/www.bodenschweiz.ch\/it\/fachzeitschrift\/info-tagung-2009\/\">Info-Tagung 2009<\/a><\/li>\n<li><a href=\"https:\/\/www.bodenschweiz.ch\/it\/fachzeitschrift\/schon-ueber-100-tage-bei-bodenschweiz\/\">Schon \u00fcber 100 Tage bei BodenSchweiz<\/a><\/li>\n<li><a href=\"https:\/\/www.bodenschweiz.ch\/it\/fachzeitschrift\/zum-80-geburtstag\/\">Zum 80. Geburtstag<\/a><\/li>\n<li><a href=\"https:\/\/www.bodenschweiz.ch\/it\/fachzeitschrift\/generalversammlung-2009\/\">Generalversammlung 2009<\/a><\/li>\n<li><a href=\"https:\/\/www.bodenschweiz.ch\/it\/fachzeitschrift\/infotagung-2010\/\">Infotagung 2010<\/a><\/li>\n<li><a href=\"https:\/\/www.bodenschweiz.ch\/it\/fachzeitschrift\/40-jahre-tevag\/\">40 Jahre TEVAG<\/a><\/li>\n<li><a href=\"https:\/\/www.bodenschweiz.ch\/it\/fachzeitschrift\/im-zeitplan-projekt-suisse-floor\/\">Im Zeitplan: Projekt Suisse Floor<\/a><\/li>\n<li><a href=\"https:\/\/www.bodenschweiz.ch\/it\/fachzeitschrift\/92-general-versammlung-bodenschweiz\/\">92. General-<\/br> versammlung BodenSchweiz<\/a><\/li>\n<li><a href=\"https:\/\/www.bodenschweiz.ch\/it\/fachzeitschrift\/36-general-versammlung-des-vsbm\/\">36. General-<\/br> versammlung des VSBM<\/a><\/li>\n<li><a href=\"https:\/\/www.bodenschweiz.ch\/it\/fachzeitschrift\/swissbau-2010\/\">Swissbau 2010<\/a><\/li>\n<li><a href=\"https:\/\/www.bodenschweiz.ch\/it\/fachzeitschrift\/berufsmessen\/\">Berufsmessen<\/a><\/li>\n<li><a href=\"https:\/\/www.bodenschweiz.ch\/it\/fachzeitschrift\/zuercher-messe-bauen-modernisieren\/\">Z\u00fcrcher Messe Bauen &amp; Modernisieren<\/a><\/li>\n<li><a href=\"https:\/\/www.bodenschweiz.ch\/it\/fachzeitschrift\/erstmals-teilnahme-an-berufsmessen\/\">Erstmals Teilnahme an Berufsmessen<\/a><\/li>\n<li><a href=\"https:\/\/www.bodenschweiz.ch\/it\/fachzeitschrift\/93-general-versammlung-bodenschweiz\/\">93. General-<\/br> versammlung BodenSchweiz<\/a><\/li>\n<li><a href=\"https:\/\/www.bodenschweiz.ch\/it\/fachzeitschrift\/nachlese-suissefloor\/\">Nachlese SuisseFloor<\/a><\/li>\n<li><a href=\"https:\/\/www.bodenschweiz.ch\/it\/fachzeitschrift\/aufhoeren-wenn-es-am-schoensten-ist\/\">Aufh\u00f6ren, wenn es am sch\u00f6nsten ist<\/a><\/li>\n<li><a href=\"https:\/\/www.bodenschweiz.ch\/it\/fachzeitschrift\/40-jahre-vsbm\/\">40 Jahre VSBM<\/a><\/li>\n<li><a href=\"https:\/\/www.bodenschweiz.ch\/it\/fachzeitschrift\/comfortex-die-trendmesse-fuer-den-norddeutschen-raum\/\">Comfortex: Die Trendmesse f\u00fcr den norddeutschen Raum<\/a><\/li>\n<li><a href=\"https:\/\/www.bodenschweiz.ch\/it\/fachzeitschrift\/wie-viel-ist-mein-unternehmen-wert\/\">Wie viel ist mein Unternehmen wert?<\/a><\/li>\n<li><a href=\"https:\/\/www.bodenschweiz.ch\/it\/fachzeitschrift\/modellwettbewerb-2012\/\">Modellwettbewerb 2012<\/a><\/li>\n<li><a href=\"https:\/\/www.bodenschweiz.ch\/it\/fachzeitschrift\/94-general-versammlung-bodenschweiz\/\">94. General-<\/br> versammlung BodenSchweiz<\/a><\/li>\n<li><a href=\"https:\/\/www.bodenschweiz.ch\/it\/fachzeitschrift\/suissehome\/\">Suissehome<\/a><\/li>\n<li><a href=\"https:\/\/www.bodenschweiz.ch\/it\/fachzeitschrift\/domotex-2014-2\/\">Domotex 2014<\/a><\/li>\n<li><a href=\"https:\/\/www.bodenschweiz.ch\/it\/fachzeitschrift\/worldskills-leipzig-2013\/\">WorldSkills Leipzig 2013<\/a><\/li>\n<li><a href=\"https:\/\/www.bodenschweiz.ch\/it\/fachzeitschrift\/zehn-jahre-grps\/\">Zehn Jahre GRPS<\/a><\/li>\n<li><a href=\"https:\/\/www.bodenschweiz.ch\/it\/fachzeitschrift\/95-general-versammlung-bodenschweiz\/\">95. General-<\/br> versammlung BodenSchweiz<\/a><\/li>\n<li><a href=\"https:\/\/www.bodenschweiz.ch\/it\/fachzeitschrift\/4666-2\/\">R\u00fcckblick Suisse Floor 2013<\/a><\/li>\n<li><a href=\"https:\/\/www.bodenschweiz.ch\/it\/fachzeitschrift\/suisse-floor-mit-doppelter-flaeche\/\">Suisse Floor mit doppelter Fl\u00e4che<\/a><\/li>\n<li><a href=\"https:\/\/www.bodenschweiz.ch\/it\/fachzeitschrift\/vize-europameister-im-boden-parkettlegen-raphael-vogel\/\">Vize-Europameister im Boden-Parkettlegen Raphael Vogel<\/a><\/li>\n<li><a href=\"https:\/\/www.bodenschweiz.ch\/it\/fachzeitschrift\/showdown-der-besten\/\">Showdown der Besten<\/a><\/li>\n<li><a href=\"https:\/\/www.bodenschweiz.ch\/it\/fachzeitschrift\/4646-2\/\">Das Euroskills-Swiss-Team<\/a><\/li>\n<li><a href=\"https:\/\/www.bodenschweiz.ch\/it\/fachzeitschrift\/4644-2\/\">Einmal mehr gelungene Generalversammlung BodenSchweiz?<\/a><\/li>\n<li><a href=\"https:\/\/www.bodenschweiz.ch\/it\/fachzeitschrift\/bodenbelagsberater-wohin-geht-die-reise\/\">Bodenbelagsberater - wohin geht die Reise<\/a><\/li>\n<li><a href=\"https:\/\/www.bodenschweiz.ch\/it\/fachzeitschrift\/domotex-2014\/\">Domotex 2014<\/a><\/li>\n<li><a href=\"https:\/\/www.bodenschweiz.ch\/it\/fachzeitschrift\/generalversammlung-bodenschweiz-2016\/\">Generalversammlung BodenSchweiz 2016<\/a><\/li>\n<li><a href=\"https:\/\/www.bodenschweiz.ch\/it\/fachzeitschrift\/wir-machen-profis\/\">Wir machen Profis<\/a><\/li>\n<li><a href=\"https:\/\/www.bodenschweiz.ch\/it\/fachzeitschrift\/protokoll-der-97-general-versammlung-bodenschweiz\/\">Protokoll der 97. General-<\/br> versammlung BodenSchweiz<\/a><\/li>\n<li><a href=\"https:\/\/www.bodenschweiz.ch\/it\/fachzeitschrift\/97-general-versammlung-bodenschweiz\/\">97. General-<\/br> versammlung BodenSchweiz<\/a><\/li>\n<li><a href=\"https:\/\/www.bodenschweiz.ch\/it\/fachzeitschrift\/bund-schafft-per-dekret-einen-beruf-ab\/\">Bund schafft per Dekret einen Beruf ab<\/a><\/li>\n<li><a href=\"https:\/\/www.bodenschweiz.ch\/it\/fachzeitschrift\/diplomfeier-fuer-alles-schon-bald-eine-institution\/\">Diplomfeier f\u00fcr alles schon bald eine Institution<\/a><\/li>\n<li><a href=\"https:\/\/www.bodenschweiz.ch\/it\/fachzeitschrift\/euroskills-2016\/\">EuroSkills 2016<\/a><\/li>\n<li><a href=\"https:\/\/www.bodenschweiz.ch\/it\/fachzeitschrift\/andreas-singer-neuer-geschaeftsfuehrer-bei-guignard-parkett-ag\/\">Andreas Singer, neuer Gesch\u00e4ftsf\u00fchrer bei Guignard Parkett AG<\/a><\/li>\n<li><a href=\"https:\/\/www.bodenschweiz.ch\/it\/fachzeitschrift\/4594-2\/\">Swiss TEG spricht \u00fcber Ziele und Zukunft<\/a><\/li>\n<li><a href=\"https:\/\/www.bodenschweiz.ch\/it\/fachzeitschrift\/98-generalversammlung-bodenschweiz\/\">98. Generalversammlung BodenSchweiz<\/a><\/li>\n<li><a href=\"https:\/\/www.bodenschweiz.ch\/it\/fachzeitschrift\/berufs-europameisterschaften-2016-fabian-streule\/\">Berufs-Europameisterschaften 2016: Fabian Streule<\/a><\/li>\n<li><a href=\"https:\/\/www.bodenschweiz.ch\/it\/fachzeitschrift\/save-the-date-generalversammlung-2016\/\">Save The Date: Generalversammlung 2016<\/a><\/li>\n<li><a href=\"https:\/\/www.bodenschweiz.ch\/it\/fachzeitschrift\/eidgenoessische-berufspruefungen-und-fachpruefungen\/\">Eidgen\u00f6ssische Berufspr\u00fcfungen und Fachpr\u00fcfungen<\/a><\/li>\n<li><a href=\"https:\/\/www.bodenschweiz.ch\/it\/fachzeitschrift\/jugendarbeitsschutz-fuer-arbeitnehmende-unter-18-jahren\/\">Jugendarbeitsschutz f\u00fcr Arbeitnehmende unter 18 Jahren<\/a><\/li>\n<li><a href=\"https:\/\/www.bodenschweiz.ch\/it\/fachzeitschrift\/100-jahre-treue-verbandsmitgliedschaft\/\">100 Jahre treue Verbandsmitgliedschaft<\/a><\/li>\n<li><a href=\"https:\/\/www.bodenschweiz.ch\/it\/fachzeitschrift\/das-lehrlingscamp-der-netto-einkaufsgruppe-ag\/\">Das Lehrlingscamp der netto Einkaufsgruppe AG<\/a><\/li>\n<li><a href=\"https:\/\/www.bodenschweiz.ch\/it\/fachzeitschrift\/suisse-floor-2017\/\">Suisse Floor 2017<\/a><\/li>\n<li><a href=\"https:\/\/www.bodenschweiz.ch\/it\/fachzeitschrift\/gesamtarbeitsvertrag-gav\/\">Gesamtarbeitsvertrag (GAV)<\/a><\/li>\n<li><a href=\"https:\/\/www.bodenschweiz.ch\/it\/fachzeitschrift\/die-swissskills-sieger-bei-victorinox\/\">Die SwissSkills-Sieger bei Victorinox<\/a><\/li>\n<li><a href=\"https:\/\/www.bodenschweiz.ch\/it\/fachzeitschrift\/swissskills-2018\/\">SwissSkills 2018<\/a><\/li>\n<li><a href=\"https:\/\/www.bodenschweiz.ch\/it\/fachzeitschrift\/swissskills-2018-bald-ist-es-soweit\/\">SwissSkills 2018: Bald ist es soweit<\/a><\/li>\n<li><a href=\"https:\/\/www.bodenschweiz.ch\/it\/fachzeitschrift\/die-100-generalversammlung-von-bodenschweiz\/\">Die 100. Generalversammlung von BodenSchweiz<\/a><\/li>\n<li><a href=\"https:\/\/www.bodenschweiz.ch\/it\/fachzeitschrift\/fachausweisfeier-2018\/\">Fachausweisfeier 2018<\/a><\/li>\n<li><a href=\"https:\/\/www.bodenschweiz.ch\/it\/fachzeitschrift\/suisse-floor-2019-jetzt-anmelde\/\">Suisse Floor 2019: Jetzt anmelde!<\/a><\/li>\n<li><a href=\"https:\/\/www.bodenschweiz.ch\/it\/fachzeitschrift\/generalversammlung-2020\/\">Generalversammlung 2020<\/a><\/li>\n<li><a href=\"https:\/\/www.bodenschweiz.ch\/it\/fachzeitschrift\/unterricht-in-corona-zeiten\/\">Unterricht in Corona-Zeiten<\/a><\/li>\n<li><a href=\"https:\/\/www.bodenschweiz.ch\/it\/fachzeitschrift\/4522-2\/\">Einladung zur 102. Generalversammlung<\/a><\/li>\n<li><a href=\"https:\/\/www.bodenschweiz.ch\/it\/fachzeitschrift\/das-schlimmste-bei-einer-krise-ist-die-unsicherheit\/\">Das Schlimmste bei einer Krise ist die Unsicherheit<\/a><\/li>\n<li><a href=\"https:\/\/www.bodenschweiz.ch\/it\/fachzeitschrift\/es-geht-um-die-zukunft-unseres-berufes\/\">Es geht um die Zukunft unseres Berufes!<\/a><\/li>\n<li><a href=\"https:\/\/www.bodenschweiz.ch\/it\/fachzeitschrift\/weihnachtsgruesse\/\">Weihnachtsgr\u00fcsse 2019<\/a><\/li>\n<li><a href=\"https:\/\/www.bodenschweiz.ch\/it\/fachzeitschrift\/der-lehrstellenmarkt-der-bodenbelagsbranche-bleibt-angespannt\/\">Der Lehrstellenmarkt der Bodenbelagsbranche bleibt angespannt<\/a><\/li>\n<li><a href=\"https:\/\/www.bodenschweiz.ch\/it\/fachzeitschrift\/der-bodenhelden-show-trailer-ist-wieder-unterwegs-2\/\">Der Bodenhelden Show-Trailer ist wieder unterwegs<\/a><\/li>\n<li><a href=\"https:\/\/www.bodenschweiz.ch\/it\/fachzeitschrift\/uzin-mein-verlasslicher-partner-2\/\">101. Generalversammlung BodenSchweiz<\/a><\/li>\n<li><a href=\"https:\/\/www.bodenschweiz.ch\/it\/fachzeitschrift\/road-show-2020\/\">R\u00fcckschau Suisse Floor 2019<\/a><\/li>\n<li><a href=\"https:\/\/www.bodenschweiz.ch\/it\/fachzeitschrift\/colored-by-nature-ein-stuck-reine-natur\/\">Road-Show 2020<\/a><\/li>\n<li><a href=\"https:\/\/www.bodenschweiz.ch\/it\/fachzeitschrift\/uzin-mein-verlasslicher-partner\/\">Uzin \u2013 mein verl\u00e4sslicher Partner<\/a><\/li>\n<\/ul>\n<\/div>\n","protected":false},"excerpt":{"rendered":"<p>L\u2019associazione PavimentiSvizzeri Lavori e annunci Rivista specializzata<\/p>\n","protected":false},"author":5,"featured_media":0,"parent":0,"menu_order":132,"comment_status":"closed","ping_status":"closed","template":"","meta":{"_acf_changed":false,"footnotes":""},"class_list":["post-6082","page","type-page","status-publish","hentry"],"acf":[],"_links":{"self":[{"href":"https:\/\/www.bodenschweiz.ch\/it\/wp-json\/wp\/v2\/pages\/6082","targetHints":{"allow":["GET"]}}],"collection":[{"href":"https:\/\/www.bodenschweiz.ch\/it\/wp-json\/wp\/v2\/pages"}],"about":[{"href":"https:\/\/www.bodenschweiz.ch\/it\/wp-json\/wp\/v2\/types\/page"}],"author":[{"embeddable":true,"href":"https:\/\/www.bodenschweiz.ch\/it\/wp-json\/wp\/v2\/users\/5"}],"replies":[{"embeddable":true,"href":"https:\/\/www.bodenschweiz.ch\/it\/wp-json\/wp\/v2\/comments?post=6082"}],"version-history":[{"count":1,"href":"https:\/\/www.bodenschweiz.ch\/it\/wp-json\/wp\/v2\/pages\/6082\/revisions"}],"predecessor-version":[{"id":6749,"href":"https:\/\/www.bodenschweiz.ch\/it\/wp-json\/wp\/v2\/pages\/6082\/revisions\/6749"}],"wp:attachment":[{"href":"https:\/\/www.bodenschweiz.ch\/it\/wp-json\/wp\/v2\/media?parent=6082"}],"curies":[{"name":"wp","href":"https:\/\/api.w.org\/{rel}","templated":true}]}}