{"id":6081,"date":"2020-12-09T12:19:41","date_gmt":"2020-12-09T12:19:41","guid":{"rendered":"https:\/\/www.bodenschweiz.ch\/sitemap\/"},"modified":"2022-03-21T11:05:13","modified_gmt":"2022-03-21T10:05:13","slug":"sitemap","status":"publish","type":"page","link":"https:\/\/www.bodenschweiz.ch\/fr\/sitemap\/","title":{"rendered":"Sitemap"},"content":{"rendered":"\n<h2 class=\"wp-block-heading\"><strong>L\u2019association<\/strong>&nbsp;SolSuisse<\/h2>\n\n\n<div class=\"wsp-container\"><ul class=\"wsp-pages-list\">\n<li class=\"page_item page-item-5478\"><a href=\"https:\/\/www.bodenschweiz.ch\/fr\/\">Home<\/a><\/li>\n<li class=\"page_item page-item-5770 page_item_has_children\"><a href=\"https:\/\/www.bodenschweiz.ch\/fr\/lassociation\/\">L\u2019Association<\/a>\n<ul class='children'>\n\t<li class=\"page_item page-item-12920\"><a href=\"https:\/\/www.bodenschweiz.ch\/fr\/lassociation\/rapports-annuels\/\">Rapports annuels<\/a><\/li>\n\t<li class=\"page_item page-item-5617\"><a href=\"https:\/\/www.bodenschweiz.ch\/fr\/lassociation\/devenir-membre\/\">Devenir Membre<\/a><\/li>\n<\/ul>\n<\/li>\n<li class=\"page_item page-item-5612\"><a href=\"https:\/\/www.bodenschweiz.ch\/fr\/solsuisse\/\">SolSuisse<\/a><\/li>\n<li class=\"page_item page-item-5557\"><a href=\"https:\/\/www.bodenschweiz.ch\/fr\/histoire-solsuisse\/\">Histoire<\/a><\/li>\n<li class=\"page_item page-item-5548\"><a href=\"https:\/\/www.bodenschweiz.ch\/fr\/statuts\/\">Statuts<\/a><\/li>\n<li class=\"page_item page-item-11690\"><a href=\"https:\/\/www.bodenschweiz.ch\/fr\/formation-professionelle\/\">Formation professionelle<\/a><\/li>\n<li class=\"page_item page-item-5750 page_item_has_children\"><a href=\"https:\/\/www.bodenschweiz.ch\/fr\/prestations-de-service\/\">Prestations de service<\/a>\n<ul class='children'>\n\t<li class=\"page_item page-item-11155\"><a href=\"https:\/\/www.bodenschweiz.ch\/fr\/prestations-de-service\/recyclage-pvc\/\">Recyclage du PVC<\/a><\/li>\n\t<li class=\"page_item page-item-10972\"><a href=\"https:\/\/www.bodenschweiz.ch\/fr\/prestations-de-service\/analyse-de-lamiante\/\">Analyse de l&rsquo;amiante<\/a><\/li>\n\t<li class=\"page_item page-item-5533\"><a href=\"https:\/\/www.bodenschweiz.ch\/fr\/prestations-de-service\/convention-collective-de-travail-cct\/\">convention collective de travail<\/a><\/li>\n\t<li class=\"page_item page-item-14220 page_item_has_children\"><a href=\"https:\/\/www.bodenschweiz.ch\/fr\/prestations-de-service\/securite-au-travail-et-protection-de-la-sante\/\">S\u00e9curit\u00e9 au travail et protection de la sant\u00e9<\/a>\n\t<ul class='children'>\n\t\t<li class=\"page_item page-item-14225\"><a href=\"https:\/\/www.bodenschweiz.ch\/fr\/prestations-de-service\/securite-au-travail-et-protection-de-la-sante\/solution-par-branche-solfit\/\">Solution par branche SolFit<\/a><\/li>\n\t\t<li class=\"page_item page-item-14352\"><a href=\"https:\/\/www.bodenschweiz.ch\/fr\/prestations-de-service\/securite-au-travail-et-protection-de-la-sante\/cours-de-base-perco-romandie\/\">Cours de base PERCO<\/a><\/li>\n\t\t<li class=\"page_item page-item-14364\"><a href=\"https:\/\/www.bodenschweiz.ch\/fr\/prestations-de-service\/securite-au-travail-et-protection-de-la-sante\/cours-de-formation-continue-perco\/\">Cours de formation continue PERCO<\/a><\/li>\n\t<\/ul>\n<\/li>\n\t<li class=\"page_item page-item-5584\"><a href=\"https:\/\/www.bodenschweiz.ch\/fr\/prestations-de-service\/compendium\/\">Compendium<\/a><\/li>\n\t<li class=\"page_item page-item-11351 page_item_has_children\"><a href=\"https:\/\/www.bodenschweiz.ch\/fr\/prestations-de-service\/expertise-et-conseil\/\">Expertise et conseil<\/a>\n\t<ul class='children'>\n\t\t<li class=\"page_item page-item-11371\"><a href=\"https:\/\/www.bodenschweiz.ch\/fr\/prestations-de-service\/expertise-et-conseil\/evaluation-revetements-de-sol\/\">Evaluation rev\u00eatements de sol<\/a><\/li>\n\t\t<li class=\"page_item page-item-11366\"><a href=\"https:\/\/www.bodenschweiz.ch\/fr\/prestations-de-service\/expertise-et-conseil\/reception-du-batiment-accompagnee-revetements-de-sol\/\">R\u00e9ception du b\u00e2timent accompagn\u00e9e rev\u00eatements de sol<\/a><\/li>\n\t\t<li class=\"page_item page-item-11355\"><a href=\"https:\/\/www.bodenschweiz.ch\/fr\/prestations-de-service\/expertise-et-conseil\/le-test-dadherence\/\">Le test d&rsquo;adh\u00e9rence<\/a><\/li>\n\t\t<li class=\"page_item page-item-11725\"><a href=\"https:\/\/www.bodenschweiz.ch\/fr\/prestations-de-service\/expertise-et-conseil\/mesure-de-lhumidite\/\">Mesure de l&rsquo;humidit\u00e9<\/a><\/li>\n\t\t<li class=\"page_item page-item-11362\"><a href=\"https:\/\/www.bodenschweiz.ch\/fr\/prestations-de-service\/expertise-et-conseil\/expertise-revetements-de-sol\/\">Expertise rev\u00eatements de sol<\/a><\/li>\n\t<\/ul>\n<\/li>\n<\/ul>\n<\/li>\n<li class=\"page_item page-item-5853\"><a href=\"https:\/\/www.bodenschweiz.ch\/fr\/page-protegee-par-un-mot-de-passe\/\">Page prot\u00e9g\u00e9e par un mot de passe<\/a><\/li>\n<li class=\"page_item page-item-5665\"><a href=\"https:\/\/www.bodenschweiz.ch\/fr\/shop-solsuisse\/\">Shop SolSuisse<\/a><\/li>\n<li class=\"page_item page-item-5600\"><a href=\"https:\/\/www.bodenschweiz.ch\/fr\/caisse-avs-simulac\/\">Caisse AVS Simulac<\/a><\/li>\n<li class=\"page_item page-item-5821\"><a href=\"https:\/\/www.bodenschweiz.ch\/fr\/actualites-emplois-solsuisse\/\">Actualit\u00e9s &amp; emplois<\/a><\/li>\n<li class=\"page_item page-item-5797\"><a href=\"https:\/\/www.bodenschweiz.ch\/fr\/membres-partenaires\/\">Membres \/ Partenaires<\/a><\/li>\n<li class=\"page_item page-item-11843\"><a href=\"https:\/\/www.bodenschweiz.ch\/fr\/crp-suisse\/\">CRP Suisse<\/a><\/li>\n<li class=\"page_item page-item-5566\"><a href=\"https:\/\/www.bodenschweiz.ch\/fr\/flooright\/\">Flooright<\/a><\/li>\n<li class=\"page_item page-item-5650\"><a href=\"https:\/\/www.bodenschweiz.ch\/fr\/contact\/\">Contact<\/a><\/li>\n<li class=\"page_item page-item-5645\"><a href=\"https:\/\/www.bodenschweiz.ch\/fr\/contact-ecole-de-la-construction\/\">Contact \u00e9cole de la construction<\/a><\/li>\n<li class=\"page_item page-item-5639\"><a href=\"https:\/\/www.bodenschweiz.ch\/fr\/contact-ecole-professionnelle\/\">Contact \u00e9cole professionnelle<\/a><\/li>\n<li class=\"page_item page-item-5630\"><a href=\"https:\/\/www.bodenschweiz.ch\/fr\/contact-association-solsuisse\/\">Contact association SolSuisse<\/a><\/li>\n<li class=\"page_item page-item-4029 current_page_parent\"><a href=\"https:\/\/www.bodenschweiz.ch\/fr\/news\/\">Nouvelles<\/a><\/li>\n<li class=\"page_item page-item-6078\"><a href=\"https:\/\/www.bodenschweiz.ch\/fr\/politique-de-confidentialite\/\">Politique de confidentialit\u00e9<\/a><\/li>\n<li class=\"page_item page-item-5511\"><a href=\"https:\/\/www.bodenschweiz.ch\/fr\/impressum\/\">Impressum<\/a><\/li>\n<li class=\"page_item page-item-9002\"><a href=\"https:\/\/www.bodenschweiz.ch\/fr\/politique-des-cookies\/\">Politique des cookies<\/a><\/li>\n<li class=\"page_item page-item-6081\"><a href=\"https:\/\/www.bodenschweiz.ch\/fr\/sitemap\/\">Sitemap<\/a><\/li>\n<\/ul>\n<\/div>\n\n\n\n<h3 class=\"wp-block-heading\">Places de travail  &amp; annonces<\/h3>\n\n\n<div class=\"wsp-container\"><ul class=\"wsp-job_adss-list\">\n<li><a href=\"https:\/\/www.bodenschweiz.ch\/fr\/annonces-travail\/halbe-seite-quer\/\">Halbe Seite Quer<\/a><\/li>\n<li><a href=\"https:\/\/www.bodenschweiz.ch\/fr\/annonces-travail\/ganze-seite\/\">Ganze Seite<\/a><\/li>\n<li><a href=\"https:\/\/www.bodenschweiz.ch\/fr\/annonces-travail\/halbe-seite-hoch\/\">Halbe Seite Hoch<\/a><\/li>\n<\/ul>\n<\/div>\n\n\n\n<h3 class=\"wp-block-heading\">Revue professionnelle<\/h3>\n\n\n<div class=\"wsp-container\"><ul class=\"wsp-journals-list\">\n<li><a href=\"https:\/\/www.bodenschweiz.ch\/fr\/journal-professionnelle\/edition-5-2025\/\">Edition 5-2025<\/a><\/li>\n<li><a href=\"https:\/\/www.bodenschweiz.ch\/fr\/journal-professionnelle\/edition-1-2026\/\">Edition 1-2026<\/a><\/li>\n<li><a href=\"https:\/\/www.bodenschweiz.ch\/fr\/journal-professionnelle\/ausgabe-6-2025\/\">Edition 6-2025<\/a><\/li>\n<li><a href=\"https:\/\/www.bodenschweiz.ch\/fr\/journal-professionnelle\/edition-4-2025\/\">Edition 4-2025<\/a><\/li>\n<li><a href=\"https:\/\/www.bodenschweiz.ch\/fr\/journal-professionnelle\/edition-3-2025\/\">Edition 3-2025<\/a><\/li>\n<li><a href=\"https:\/\/www.bodenschweiz.ch\/fr\/fachzeitschrift\/ausgabe-3-2025\/\">Ausgabe 3-2025<\/a><\/li>\n<li><a href=\"https:\/\/www.bodenschweiz.ch\/fr\/journal-professionnelle\/ausgabe-2-2025\/\">Edition 2-2025<\/a><\/li>\n<li><a href=\"https:\/\/www.bodenschweiz.ch\/fr\/journal-professionnelle\/ausgabe-1-2025\/\">Edition-1-2025<\/a><\/li>\n<li><a href=\"https:\/\/www.bodenschweiz.ch\/fr\/journal-professionnelle\/edition-6-2024\/\">Edition 6-2024<\/a><\/li>\n<li><a href=\"https:\/\/www.bodenschweiz.ch\/fr\/journal-professionnelle\/ausgabe-5-2024\/\">Edition 5-2024<\/a><\/li>\n<li><a href=\"https:\/\/www.bodenschweiz.ch\/fr\/journal-professionnelle\/edition-4-2024\/\">Edition 4-2024<\/a><\/li>\n<li><a href=\"https:\/\/www.bodenschweiz.ch\/fr\/journal-professionnelle\/ausgabe-3-2024\/\">Edition 3-2024<\/a><\/li>\n<li><a href=\"https:\/\/www.bodenschweiz.ch\/fr\/journal-professionnelle\/11050-2\/\">Edition 2-2024<\/a><\/li>\n<li><a href=\"https:\/\/www.bodenschweiz.ch\/fr\/journal-professionnelle\/ausgabe-1-2024\/\">Edition 1-2024<\/a><\/li>\n<li><a href=\"https:\/\/www.bodenschweiz.ch\/fr\/journal-professionnelle\/ausgabe_6-2023\/\">Edition 6-2023<\/a><\/li>\n<li><a href=\"https:\/\/www.bodenschweiz.ch\/fr\/journal-professionnelle\/ausgabe_5-2023\/\">Edition_5-2023<\/a><\/li>\n<li><a href=\"https:\/\/www.bodenschweiz.ch\/fr\/journal-professionnelle\/ausgabe_4-2023\/\">Edition_4-2023<\/a><\/li>\n<li><a href=\"https:\/\/www.bodenschweiz.ch\/fr\/journal-professionnelle\/ausgabe-3-2023\/\">Edition 3-2023<\/a><\/li>\n<li><a href=\"https:\/\/www.bodenschweiz.ch\/fr\/journal-professionnelle\/ausgabe_2-2023\/\">Edition_2-2023<\/a><\/li>\n<li><a href=\"https:\/\/www.bodenschweiz.ch\/fr\/journal-professionnelle\/9076-2\/\">Edition 6-2022<\/a><\/li>\n<li><a href=\"https:\/\/www.bodenschweiz.ch\/fr\/journal-professionnelle\/ausgabe_1-2023\/\">Edition_1-2023<\/a><\/li>\n<li><a href=\"https:\/\/www.bodenschweiz.ch\/fr\/fachzeitschrift\/swissskills-2022\/\">SwissSkills 2022 \u00abElite der Schweizer Berufsbildung\u00bb<\/a><\/li>\n<li><a href=\"https:\/\/www.bodenschweiz.ch\/fr\/fachzeitschrift\/7911-2\/\">\u00c4nderung in der Redaktion<\/a><\/li>\n<li><a href=\"https:\/\/www.bodenschweiz.ch\/fr\/fachzeitschrift\/suisse-floor-2022\/\">Suisse Floor 2022<\/a><\/li>\n<li><a href=\"https:\/\/www.bodenschweiz.ch\/fr\/fachzeitschrift\/7743-2\/\">104. Generalversammlung BodenSchweiz<\/a><\/li>\n<li><a href=\"https:\/\/www.bodenschweiz.ch\/fr\/fachzeitschrift\/swissskills-2022-der-startschuss-ist-erfolgt\/\">SwissSkills 2022: Der Startschuss ist erfolgt<\/a><\/li>\n<li><a href=\"https:\/\/www.bodenschweiz.ch\/fr\/fachzeitschrift\/christoph-galli-bronzemedaillengewinner-euroskills-2021\/\">Christoph Galli, Bronzemedaillengewinner EuroSkills 2021<\/a><\/li>\n<li><a href=\"https:\/\/www.bodenschweiz.ch\/fr\/fachzeitschrift\/euroskills-2021\/\">EuroSkills 2021<\/a><\/li>\n<li><a href=\"https:\/\/www.bodenschweiz.ch\/fr\/fachzeitschrift\/103-generalversammlung-bodenschweiz\/\">103. Generalversammlung BodenSchweiz<\/a><\/li>\n<li><a href=\"https:\/\/www.bodenschweiz.ch\/fr\/journal-professionnelle\/grps-mit-neuem-praesidenten\/\">GRPS mit neuem Pr\u00e4sidenten<\/a><\/li>\n<li><a href=\"https:\/\/www.bodenschweiz.ch\/fr\/journal-professionnelle\/5359-2\/\">Massivholzb\u00f6den mit Hirnholzoptik<\/a><\/li>\n<li><a href=\"https:\/\/www.bodenschweiz.ch\/fr\/journal-professionnelle\/5354-2\/\">Der erweiterte Auftritt der Nachwuchskampagne<\/a><\/li>\n<li><a href=\"https:\/\/www.bodenschweiz.ch\/fr\/fachzeitschrift\/vslt-infotag\/\">VSLT-Infotag<\/a><\/li>\n<li><a href=\"https:\/\/www.bodenschweiz.ch\/fr\/fachzeitschrift\/zunahme-der-konkurse\/\">Zunahme der Konkurse<\/a><\/li>\n<li><a href=\"https:\/\/www.bodenschweiz.ch\/fr\/fachzeitschrift\/general-versammlung-vslt\/\">General-<\/br> versammlung VSLT<\/a><\/li>\n<li><a href=\"https:\/\/www.bodenschweiz.ch\/fr\/fachzeitschrift\/neue-fachschule-in-aarau\/\">Neue Fachschule in Aarau<\/a><\/li>\n<li><a href=\"https:\/\/www.bodenschweiz.ch\/fr\/fachzeitschrift\/ferienlohn\/\">Ferienlohn<\/a><\/li>\n<li><a href=\"https:\/\/www.bodenschweiz.ch\/fr\/fachzeitschrift\/arp-schweiz-auf-erfolgskurs-2\/\">ARP Schweiz auf Erfolgskurs<\/a><\/li>\n<li><a href=\"https:\/\/www.bodenschweiz.ch\/fr\/fachzeitschrift\/4953-2\/\">85. General-<\/br> versammlung<\/a><\/li>\n<li><a href=\"https:\/\/www.bodenschweiz.ch\/fr\/fachzeitschrift\/swissbau-2003-in-basel\/\">Swissbau 2003 in Basel<\/a><\/li>\n<li><a href=\"https:\/\/www.bodenschweiz.ch\/fr\/fachzeitschrift\/domotex-2005-hannover\/\">Domotex 2005 Hannover<\/a><\/li>\n<li><a href=\"https:\/\/www.bodenschweiz.ch\/fr\/fachzeitschrift\/86-vslt-generalversammlung\/\">86. VSLT-Generalversammlung<\/a><\/li>\n<li><a href=\"https:\/\/www.bodenschweiz.ch\/fr\/fachzeitschrift\/aerztliches-zeugnis\/\">\u00c4rztliches Zeugnis<\/a><\/li>\n<li><a href=\"https:\/\/www.bodenschweiz.ch\/fr\/fachzeitschrift\/infotagung-bodenschweiz-4\/\">Infotagung BodenSchweiz<\/a><\/li>\n<li><a href=\"https:\/\/www.bodenschweiz.ch\/fr\/fachzeitschrift\/umfrage-schrumpfende-pvc-bodenbelaege\/\">Umfrage: Schrumpfende PVC-Bodenbel\u00e4ge<\/a><\/li>\n<li><a href=\"https:\/\/www.bodenschweiz.ch\/fr\/fachzeitschrift\/87-general-versammlung\/\">87. General-<\/br> versammlung<\/a><\/li>\n<li><a href=\"https:\/\/www.bodenschweiz.ch\/fr\/fachzeitschrift\/generalversammlung-bodenschweiz-2\/\">Generalversammlung BodenSchweiz<\/a><\/li>\n<li><a href=\"https:\/\/www.bodenschweiz.ch\/fr\/fachzeitschrift\/infotagung-bodenschweiz-3\/\">Infotagung BodenSchweiz<\/a><\/li>\n<li><a href=\"https:\/\/www.bodenschweiz.ch\/fr\/fachzeitschrift\/neue-fachschule-bodenschweiz\/\">Neue Fachschule BodenSchweiz<\/a><\/li>\n<li><a href=\"https:\/\/www.bodenschweiz.ch\/fr\/fachzeitschrift\/88-general-versammlung\/\">88. General-<\/br> versammlung<\/a><\/li>\n<li><a href=\"https:\/\/www.bodenschweiz.ch\/fr\/fachzeitschrift\/domotex-hannover-2006\/\">Domotex Hannover 2006<\/a><\/li>\n<li><a href=\"https:\/\/www.bodenschweiz.ch\/fr\/fachzeitschrift\/infotagung-bodenschweiz-2\/\">Infotagung BodenSchweiz<\/a><\/li>\n<li><a href=\"https:\/\/www.bodenschweiz.ch\/fr\/fachzeitschrift\/jubilaeum-50-jahre-swissteg\/\">Jubil\u00e4um<\/br> 50. Jahre SwissTEG<\/a><\/li>\n<li><a href=\"https:\/\/www.bodenschweiz.ch\/fr\/fachzeitschrift\/arp-schweiz-auf-erfolgskurs\/\">ARP Schweiz auf Erfolgskurs<\/a><\/li>\n<li><a href=\"https:\/\/www.bodenschweiz.ch\/fr\/fachzeitschrift\/generalversammlung-2007\/\">Generalversammlung 2007<\/a><\/li>\n<li><a href=\"https:\/\/www.bodenschweiz.ch\/fr\/fachzeitschrift\/infotagung-bodenschweiz\/\">Infotagung BodenSchweiz<\/a><\/li>\n<li><a href=\"https:\/\/www.bodenschweiz.ch\/fr\/fachzeitschrift\/20-jahre-branchenloesung-vslt-pro\/\">20 Jahre Branchenl\u00f6sung VSLT-Pro<\/a><\/li>\n<li><a href=\"https:\/\/www.bodenschweiz.ch\/fr\/fachzeitschrift\/generalversammlung-bodenschweiz\/\">Generalversammlung BodenSchweiz<\/a><\/li>\n<li><a href=\"https:\/\/www.bodenschweiz.ch\/fr\/fachzeitschrift\/10-jahre-bieg-jubilaeumsreise-in-die-toskana\/\">10 Jahre Bieg: Jubil\u00e4umsreise in die Toskana<\/a><\/li>\n<li><a href=\"https:\/\/www.bodenschweiz.ch\/fr\/fachzeitschrift\/info-tagung-2009\/\">Info-Tagung 2009<\/a><\/li>\n<li><a href=\"https:\/\/www.bodenschweiz.ch\/fr\/fachzeitschrift\/schon-ueber-100-tage-bei-bodenschweiz\/\">Schon \u00fcber 100 Tage bei BodenSchweiz<\/a><\/li>\n<li><a href=\"https:\/\/www.bodenschweiz.ch\/fr\/fachzeitschrift\/zum-80-geburtstag\/\">Zum 80. Geburtstag<\/a><\/li>\n<li><a href=\"https:\/\/www.bodenschweiz.ch\/fr\/fachzeitschrift\/generalversammlung-2009\/\">Generalversammlung 2009<\/a><\/li>\n<li><a href=\"https:\/\/www.bodenschweiz.ch\/fr\/fachzeitschrift\/infotagung-2010\/\">Infotagung 2010<\/a><\/li>\n<li><a href=\"https:\/\/www.bodenschweiz.ch\/fr\/fachzeitschrift\/40-jahre-tevag\/\">40 Jahre TEVAG<\/a><\/li>\n<li><a href=\"https:\/\/www.bodenschweiz.ch\/fr\/fachzeitschrift\/im-zeitplan-projekt-suisse-floor\/\">Im Zeitplan: Projekt Suisse Floor<\/a><\/li>\n<li><a href=\"https:\/\/www.bodenschweiz.ch\/fr\/fachzeitschrift\/92-general-versammlung-bodenschweiz\/\">92. General-<\/br> versammlung BodenSchweiz<\/a><\/li>\n<li><a href=\"https:\/\/www.bodenschweiz.ch\/fr\/fachzeitschrift\/36-general-versammlung-des-vsbm\/\">36. General-<\/br> versammlung des VSBM<\/a><\/li>\n<li><a href=\"https:\/\/www.bodenschweiz.ch\/fr\/fachzeitschrift\/swissbau-2010\/\">Swissbau 2010<\/a><\/li>\n<li><a href=\"https:\/\/www.bodenschweiz.ch\/fr\/fachzeitschrift\/berufsmessen\/\">Berufsmessen<\/a><\/li>\n<li><a href=\"https:\/\/www.bodenschweiz.ch\/fr\/fachzeitschrift\/zuercher-messe-bauen-modernisieren\/\">Z\u00fcrcher Messe Bauen &amp; Modernisieren<\/a><\/li>\n<li><a href=\"https:\/\/www.bodenschweiz.ch\/fr\/fachzeitschrift\/erstmals-teilnahme-an-berufsmessen\/\">Erstmals Teilnahme an Berufsmessen<\/a><\/li>\n<li><a href=\"https:\/\/www.bodenschweiz.ch\/fr\/fachzeitschrift\/93-general-versammlung-bodenschweiz\/\">93. General-<\/br> versammlung BodenSchweiz<\/a><\/li>\n<li><a href=\"https:\/\/www.bodenschweiz.ch\/fr\/fachzeitschrift\/nachlese-suissefloor\/\">Nachlese SuisseFloor<\/a><\/li>\n<li><a href=\"https:\/\/www.bodenschweiz.ch\/fr\/fachzeitschrift\/aufhoeren-wenn-es-am-schoensten-ist\/\">Aufh\u00f6ren, wenn es am sch\u00f6nsten ist<\/a><\/li>\n<li><a href=\"https:\/\/www.bodenschweiz.ch\/fr\/fachzeitschrift\/40-jahre-vsbm\/\">40 Jahre VSBM<\/a><\/li>\n<li><a href=\"https:\/\/www.bodenschweiz.ch\/fr\/fachzeitschrift\/comfortex-die-trendmesse-fuer-den-norddeutschen-raum\/\">Comfortex: Die Trendmesse f\u00fcr den norddeutschen Raum<\/a><\/li>\n<li><a href=\"https:\/\/www.bodenschweiz.ch\/fr\/fachzeitschrift\/wie-viel-ist-mein-unternehmen-wert\/\">Wie viel ist mein Unternehmen wert?<\/a><\/li>\n<li><a href=\"https:\/\/www.bodenschweiz.ch\/fr\/fachzeitschrift\/modellwettbewerb-2012\/\">Modellwettbewerb 2012<\/a><\/li>\n<li><a href=\"https:\/\/www.bodenschweiz.ch\/fr\/fachzeitschrift\/94-general-versammlung-bodenschweiz\/\">94. General-<\/br> versammlung BodenSchweiz<\/a><\/li>\n<li><a href=\"https:\/\/www.bodenschweiz.ch\/fr\/fachzeitschrift\/suissehome\/\">Suissehome<\/a><\/li>\n<li><a href=\"https:\/\/www.bodenschweiz.ch\/fr\/fachzeitschrift\/domotex-2014-2\/\">Domotex 2014<\/a><\/li>\n<li><a href=\"https:\/\/www.bodenschweiz.ch\/fr\/fachzeitschrift\/worldskills-leipzig-2013\/\">WorldSkills Leipzig 2013<\/a><\/li>\n<li><a href=\"https:\/\/www.bodenschweiz.ch\/fr\/fachzeitschrift\/zehn-jahre-grps\/\">Zehn Jahre GRPS<\/a><\/li>\n<li><a href=\"https:\/\/www.bodenschweiz.ch\/fr\/fachzeitschrift\/95-general-versammlung-bodenschweiz\/\">95. General-<\/br> versammlung BodenSchweiz<\/a><\/li>\n<li><a href=\"https:\/\/www.bodenschweiz.ch\/fr\/fachzeitschrift\/4666-2\/\">R\u00fcckblick Suisse Floor 2013<\/a><\/li>\n<li><a href=\"https:\/\/www.bodenschweiz.ch\/fr\/fachzeitschrift\/suisse-floor-mit-doppelter-flaeche\/\">Suisse Floor mit doppelter Fl\u00e4che<\/a><\/li>\n<li><a href=\"https:\/\/www.bodenschweiz.ch\/fr\/fachzeitschrift\/vize-europameister-im-boden-parkettlegen-raphael-vogel\/\">Vize-Europameister im Boden-Parkettlegen Raphael Vogel<\/a><\/li>\n<li><a href=\"https:\/\/www.bodenschweiz.ch\/fr\/fachzeitschrift\/showdown-der-besten\/\">Showdown der Besten<\/a><\/li>\n<li><a href=\"https:\/\/www.bodenschweiz.ch\/fr\/fachzeitschrift\/4646-2\/\">Das Euroskills-Swiss-Team<\/a><\/li>\n<li><a href=\"https:\/\/www.bodenschweiz.ch\/fr\/fachzeitschrift\/4644-2\/\">Einmal mehr gelungene Generalversammlung BodenSchweiz?<\/a><\/li>\n<li><a href=\"https:\/\/www.bodenschweiz.ch\/fr\/fachzeitschrift\/bodenbelagsberater-wohin-geht-die-reise\/\">Bodenbelagsberater - wohin geht die Reise<\/a><\/li>\n<li><a href=\"https:\/\/www.bodenschweiz.ch\/fr\/fachzeitschrift\/domotex-2014\/\">Domotex 2014<\/a><\/li>\n<li><a href=\"https:\/\/www.bodenschweiz.ch\/fr\/fachzeitschrift\/generalversammlung-bodenschweiz-2016\/\">Generalversammlung BodenSchweiz 2016<\/a><\/li>\n<li><a href=\"https:\/\/www.bodenschweiz.ch\/fr\/fachzeitschrift\/wir-machen-profis\/\">Wir machen Profis<\/a><\/li>\n<li><a href=\"https:\/\/www.bodenschweiz.ch\/fr\/fachzeitschrift\/protokoll-der-97-general-versammlung-bodenschweiz\/\">Protokoll der 97. General-<\/br> versammlung BodenSchweiz<\/a><\/li>\n<li><a href=\"https:\/\/www.bodenschweiz.ch\/fr\/fachzeitschrift\/97-general-versammlung-bodenschweiz\/\">97. General-<\/br> versammlung BodenSchweiz<\/a><\/li>\n<li><a href=\"https:\/\/www.bodenschweiz.ch\/fr\/fachzeitschrift\/bund-schafft-per-dekret-einen-beruf-ab\/\">Bund schafft per Dekret einen Beruf ab<\/a><\/li>\n<li><a href=\"https:\/\/www.bodenschweiz.ch\/fr\/fachzeitschrift\/diplomfeier-fuer-alles-schon-bald-eine-institution\/\">Diplomfeier f\u00fcr alles schon bald eine Institution<\/a><\/li>\n<li><a href=\"https:\/\/www.bodenschweiz.ch\/fr\/fachzeitschrift\/euroskills-2016\/\">EuroSkills 2016<\/a><\/li>\n<li><a href=\"https:\/\/www.bodenschweiz.ch\/fr\/fachzeitschrift\/andreas-singer-neuer-geschaeftsfuehrer-bei-guignard-parkett-ag\/\">Andreas Singer, neuer Gesch\u00e4ftsf\u00fchrer bei Guignard Parkett AG<\/a><\/li>\n<li><a href=\"https:\/\/www.bodenschweiz.ch\/fr\/fachzeitschrift\/4594-2\/\">Swiss TEG spricht \u00fcber Ziele und Zukunft<\/a><\/li>\n<li><a href=\"https:\/\/www.bodenschweiz.ch\/fr\/fachzeitschrift\/98-generalversammlung-bodenschweiz\/\">98. Generalversammlung BodenSchweiz<\/a><\/li>\n<li><a href=\"https:\/\/www.bodenschweiz.ch\/fr\/fachzeitschrift\/berufs-europameisterschaften-2016-fabian-streule\/\">Berufs-Europameisterschaften 2016: Fabian Streule<\/a><\/li>\n<li><a href=\"https:\/\/www.bodenschweiz.ch\/fr\/fachzeitschrift\/save-the-date-generalversammlung-2016\/\">Save The Date: Generalversammlung 2016<\/a><\/li>\n<li><a href=\"https:\/\/www.bodenschweiz.ch\/fr\/fachzeitschrift\/eidgenoessische-berufspruefungen-und-fachpruefungen\/\">Eidgen\u00f6ssische Berufspr\u00fcfungen und Fachpr\u00fcfungen<\/a><\/li>\n<li><a href=\"https:\/\/www.bodenschweiz.ch\/fr\/fachzeitschrift\/jugendarbeitsschutz-fuer-arbeitnehmende-unter-18-jahren\/\">Jugendarbeitsschutz f\u00fcr Arbeitnehmende unter 18 Jahren<\/a><\/li>\n<li><a href=\"https:\/\/www.bodenschweiz.ch\/fr\/fachzeitschrift\/100-jahre-treue-verbandsmitgliedschaft\/\">100 Jahre treue Verbandsmitgliedschaft<\/a><\/li>\n<li><a href=\"https:\/\/www.bodenschweiz.ch\/fr\/fachzeitschrift\/das-lehrlingscamp-der-netto-einkaufsgruppe-ag\/\">Das Lehrlingscamp der netto Einkaufsgruppe AG<\/a><\/li>\n<li><a href=\"https:\/\/www.bodenschweiz.ch\/fr\/fachzeitschrift\/suisse-floor-2017\/\">Suisse Floor 2017<\/a><\/li>\n<li><a href=\"https:\/\/www.bodenschweiz.ch\/fr\/fachzeitschrift\/gesamtarbeitsvertrag-gav\/\">Gesamtarbeitsvertrag (GAV)<\/a><\/li>\n<li><a href=\"https:\/\/www.bodenschweiz.ch\/fr\/fachzeitschrift\/die-swissskills-sieger-bei-victorinox\/\">Die SwissSkills-Sieger bei Victorinox<\/a><\/li>\n<li><a href=\"https:\/\/www.bodenschweiz.ch\/fr\/fachzeitschrift\/swissskills-2018\/\">SwissSkills 2018<\/a><\/li>\n<li><a href=\"https:\/\/www.bodenschweiz.ch\/fr\/fachzeitschrift\/swissskills-2018-bald-ist-es-soweit\/\">SwissSkills 2018: Bald ist es soweit<\/a><\/li>\n<li><a href=\"https:\/\/www.bodenschweiz.ch\/fr\/fachzeitschrift\/die-100-generalversammlung-von-bodenschweiz\/\">Die 100. Generalversammlung von BodenSchweiz<\/a><\/li>\n<li><a href=\"https:\/\/www.bodenschweiz.ch\/fr\/fachzeitschrift\/fachausweisfeier-2018\/\">Fachausweisfeier 2018<\/a><\/li>\n<li><a href=\"https:\/\/www.bodenschweiz.ch\/fr\/fachzeitschrift\/suisse-floor-2019-jetzt-anmelde\/\">Suisse Floor 2019: Jetzt anmelde!<\/a><\/li>\n<li><a href=\"https:\/\/www.bodenschweiz.ch\/fr\/fachzeitschrift\/generalversammlung-2020\/\">Generalversammlung 2020<\/a><\/li>\n<li><a href=\"https:\/\/www.bodenschweiz.ch\/fr\/fachzeitschrift\/unterricht-in-corona-zeiten\/\">Unterricht in Corona-Zeiten<\/a><\/li>\n<li><a href=\"https:\/\/www.bodenschweiz.ch\/fr\/fachzeitschrift\/4522-2\/\">Einladung zur 102. Generalversammlung<\/a><\/li>\n<li><a href=\"https:\/\/www.bodenschweiz.ch\/fr\/fachzeitschrift\/das-schlimmste-bei-einer-krise-ist-die-unsicherheit\/\">Das Schlimmste bei einer Krise ist die Unsicherheit<\/a><\/li>\n<li><a href=\"https:\/\/www.bodenschweiz.ch\/fr\/fachzeitschrift\/es-geht-um-die-zukunft-unseres-berufes\/\">Es geht um die Zukunft unseres Berufes!<\/a><\/li>\n<li><a href=\"https:\/\/www.bodenschweiz.ch\/fr\/fachzeitschrift\/weihnachtsgruesse\/\">Weihnachtsgr\u00fcsse 2019<\/a><\/li>\n<li><a href=\"https:\/\/www.bodenschweiz.ch\/fr\/fachzeitschrift\/der-lehrstellenmarkt-der-bodenbelagsbranche-bleibt-angespannt\/\">Der Lehrstellenmarkt der Bodenbelagsbranche bleibt angespannt<\/a><\/li>\n<li><a href=\"https:\/\/www.bodenschweiz.ch\/fr\/fachzeitschrift\/der-bodenhelden-show-trailer-ist-wieder-unterwegs-2\/\">Der Bodenhelden Show-Trailer ist wieder unterwegs<\/a><\/li>\n<li><a href=\"https:\/\/www.bodenschweiz.ch\/fr\/fachzeitschrift\/uzin-mein-verlasslicher-partner-2\/\">101. Generalversammlung BodenSchweiz<\/a><\/li>\n<li><a href=\"https:\/\/www.bodenschweiz.ch\/fr\/fachzeitschrift\/road-show-2020\/\">R\u00fcckschau Suisse Floor 2019<\/a><\/li>\n<li><a href=\"https:\/\/www.bodenschweiz.ch\/fr\/fachzeitschrift\/colored-by-nature-ein-stuck-reine-natur\/\">Road-Show 2020<\/a><\/li>\n<li><a href=\"https:\/\/www.bodenschweiz.ch\/fr\/fachzeitschrift\/uzin-mein-verlasslicher-partner\/\">Uzin \u2013 mein verl\u00e4sslicher Partner<\/a><\/li>\n<\/ul>\n<\/div>\n","protected":false},"excerpt":{"rendered":"<p>L\u2019association&nbsp;SolSuisse Places de travail &amp; annonces Revue professionnelle<\/p>\n","protected":false},"author":5,"featured_media":0,"parent":0,"menu_order":131,"comment_status":"closed","ping_status":"closed","template":"","meta":{"_acf_changed":false,"footnotes":""},"class_list":["post-6081","page","type-page","status-publish","hentry"],"acf":[],"_links":{"self":[{"href":"https:\/\/www.bodenschweiz.ch\/fr\/wp-json\/wp\/v2\/pages\/6081","targetHints":{"allow":["GET"]}}],"collection":[{"href":"https:\/\/www.bodenschweiz.ch\/fr\/wp-json\/wp\/v2\/pages"}],"about":[{"href":"https:\/\/www.bodenschweiz.ch\/fr\/wp-json\/wp\/v2\/types\/page"}],"author":[{"embeddable":true,"href":"https:\/\/www.bodenschweiz.ch\/fr\/wp-json\/wp\/v2\/users\/5"}],"replies":[{"embeddable":true,"href":"https:\/\/www.bodenschweiz.ch\/fr\/wp-json\/wp\/v2\/comments?post=6081"}],"version-history":[{"count":2,"href":"https:\/\/www.bodenschweiz.ch\/fr\/wp-json\/wp\/v2\/pages\/6081\/revisions"}],"predecessor-version":[{"id":6752,"href":"https:\/\/www.bodenschweiz.ch\/fr\/wp-json\/wp\/v2\/pages\/6081\/revisions\/6752"}],"wp:attachment":[{"href":"https:\/\/www.bodenschweiz.ch\/fr\/wp-json\/wp\/v2\/media?parent=6081"}],"curies":[{"name":"wp","href":"https:\/\/api.w.org\/{rel}","templated":true}]}}