{"id":14220,"date":"2025-11-11T11:36:02","date_gmt":"2025-11-11T10:36:02","guid":{"rendered":"https:\/\/www.bodenschweiz.ch\/?page_id=14220"},"modified":"2026-03-06T08:53:11","modified_gmt":"2026-03-06T07:53:11","slug":"securite-au-travail-et-protection-de-la-sante","status":"publish","type":"page","link":"https:\/\/www.bodenschweiz.ch\/fr\/prestations-de-service\/securite-au-travail-et-protection-de-la-sante\/","title":{"rendered":"S\u00e9curit\u00e9 au travail et protection de la sant\u00e9"},"content":{"rendered":"","protected":false},"excerpt":{"rendered":"","protected":false},"author":12,"featured_media":14250,"parent":5750,"menu_order":60,"comment_status":"closed","ping_status":"closed","template":"","meta":{"_acf_changed":false,"footnotes":""},"class_list":["post-14220","page","type-page","status-publish","has-post-thumbnail","hentry"],"acf":[],"_links":{"self":[{"href":"https:\/\/www.bodenschweiz.ch\/fr\/wp-json\/wp\/v2\/pages\/14220","targetHints":{"allow":["GET"]}}],"collection":[{"href":"https:\/\/www.bodenschweiz.ch\/fr\/wp-json\/wp\/v2\/pages"}],"about":[{"href":"https:\/\/www.bodenschweiz.ch\/fr\/wp-json\/wp\/v2\/types\/page"}],"author":[{"embeddable":true,"href":"https:\/\/www.bodenschweiz.ch\/fr\/wp-json\/wp\/v2\/users\/12"}],"replies":[{"embeddable":true,"href":"https:\/\/www.bodenschweiz.ch\/fr\/wp-json\/wp\/v2\/comments?post=14220"}],"version-history":[{"count":6,"href":"https:\/\/www.bodenschweiz.ch\/fr\/wp-json\/wp\/v2\/pages\/14220\/revisions"}],"predecessor-version":[{"id":15021,"href":"https:\/\/www.bodenschweiz.ch\/fr\/wp-json\/wp\/v2\/pages\/14220\/revisions\/15021"}],"up":[{"embeddable":true,"href":"https:\/\/www.bodenschweiz.ch\/fr\/wp-json\/wp\/v2\/pages\/5750"}],"wp:featuredmedia":[{"embeddable":true,"href":"https:\/\/www.bodenschweiz.ch\/fr\/wp-json\/wp\/v2\/media\/14250"}],"wp:attachment":[{"href":"https:\/\/www.bodenschweiz.ch\/fr\/wp-json\/wp\/v2\/media?parent=14220"}],"curies":[{"name":"wp","href":"https:\/\/api.w.org\/{rel}","templated":true}]}}