{"id":11366,"date":"2024-08-12T14:40:47","date_gmt":"2024-08-12T12:40:47","guid":{"rendered":"https:\/\/www.bodenschweiz.ch\/?page_id=11366"},"modified":"2025-02-25T10:11:48","modified_gmt":"2025-02-25T09:11:48","slug":"reception-du-batiment-accompagnee-revetements-de-sol","status":"publish","type":"page","link":"https:\/\/www.bodenschweiz.ch\/fr\/prestations-de-service\/expertise-et-conseil\/reception-du-batiment-accompagnee-revetements-de-sol\/","title":{"rendered":"R\u00e9ception du b\u00e2timent accompagn\u00e9e rev\u00eatements de sol"},"content":{"rendered":"","protected":false},"excerpt":{"rendered":"","protected":false},"author":12,"featured_media":11224,"parent":11351,"menu_order":49,"comment_status":"closed","ping_status":"closed","template":"templates\/collective-employment-contract.php","meta":{"_acf_changed":false,"footnotes":""},"class_list":["post-11366","page","type-page","status-publish","has-post-thumbnail","hentry"],"acf":[],"_links":{"self":[{"href":"https:\/\/www.bodenschweiz.ch\/fr\/wp-json\/wp\/v2\/pages\/11366","targetHints":{"allow":["GET"]}}],"collection":[{"href":"https:\/\/www.bodenschweiz.ch\/fr\/wp-json\/wp\/v2\/pages"}],"about":[{"href":"https:\/\/www.bodenschweiz.ch\/fr\/wp-json\/wp\/v2\/types\/page"}],"author":[{"embeddable":true,"href":"https:\/\/www.bodenschweiz.ch\/fr\/wp-json\/wp\/v2\/users\/12"}],"replies":[{"embeddable":true,"href":"https:\/\/www.bodenschweiz.ch\/fr\/wp-json\/wp\/v2\/comments?post=11366"}],"version-history":[{"count":3,"href":"https:\/\/www.bodenschweiz.ch\/fr\/wp-json\/wp\/v2\/pages\/11366\/revisions"}],"predecessor-version":[{"id":12756,"href":"https:\/\/www.bodenschweiz.ch\/fr\/wp-json\/wp\/v2\/pages\/11366\/revisions\/12756"}],"up":[{"embeddable":true,"href":"https:\/\/www.bodenschweiz.ch\/fr\/wp-json\/wp\/v2\/pages\/11351"}],"wp:featuredmedia":[{"embeddable":true,"href":"https:\/\/www.bodenschweiz.ch\/fr\/wp-json\/wp\/v2\/media\/11224"}],"wp:attachment":[{"href":"https:\/\/www.bodenschweiz.ch\/fr\/wp-json\/wp\/v2\/media?parent=11366"}],"curies":[{"name":"wp","href":"https:\/\/api.w.org\/{rel}","templated":true}]}}